{"id":5,"date":"2016-01-29T10:12:39","date_gmt":"2016-01-29T10:12:39","guid":{"rendered":"https:\/\/the7.io\/beauty-studio\/?page_id=5"},"modified":"2025-01-01T12:41:37","modified_gmt":"2025-01-01T12:41:37","slug":"about","status":"publish","type":"page","link":"https:\/\/ouf-gn.net\/wp56\/about\/","title":{"rendered":"A Propos"},"content":{"rendered":"<p>[vc_row][vc_column][vc_empty_space][\/vc_column][\/vc_row][vc_row][vc_column width=&#8221;1\/2&#8243;][vc_text_separator title=&#8221;LE BGDA&#8221;][vc_column_text]<span style=\"color: #000000;\"><strong>Le Bureau Guin\u00e9en du Droit d\u2019Auteur<\/strong> (BGDA) est un model \u00e9conomique et un instrument \u00e0 la disposition de la politique culturelle de la Guin\u00e9e.<\/span><\/p>\n<p><span style=\"color: #000000;\">Organisme de gestion collective de type pluridisciplinaire sous la tutelle du Minist\u00e8re en charge de la Culture, le Bureau Guin\u00e9en du Droit d\u2019Auteur (BGDA) est un \u00e9tablissement public \u00e0 caract\u00e8re professionnel, dot\u00e9 de la personnalit\u00e9 juridique et d\u2019une autonomie financi\u00e8re.<\/span><\/p>\n<p><span style=\"color: #000000;\">Il est charg\u00e9 de la protection des int\u00e9r\u00eats mat\u00e9riels, moraux et professionnels des auteurs guin\u00e9ens et des auteurs \u00e9trangers dont les \u0153uvres sont exploit\u00e9es en R\u00e9publique de Guin\u00e9e (<b>Convention de BERNE Trait\u00e9 International<\/b>).<\/span><\/p>\n<p><span style=\"color: #000000;\">Il\u00a0a pour mission principale d\u2019assurer sur le territoire national et \u00e0 l\u2019\u00e9tranger, la protection et la d\u00e9fense des int\u00e9r\u00eats professionnels, mat\u00e9riels et moraux des cr\u00e9ateurs d\u2019\u0153uvres artistiques et litt\u00e9raires (Artistes, Interpr\u00e8tes ex\u00e9cutants, producteurs de phonogrammes, vid\u00e9ogrammes et les organismes de radiodiffusion et T\u00e9l\u00e9vision).<\/span><\/p>\n<p>[\/vc_column_text][\/vc_column][vc_column width=&#8221;1\/2&#8243;][vc_single_image image=&#8221;2421&#8243; img_size=&#8221;full&#8221;][\/vc_column][\/vc_row][vc_row][vc_column][vc_column_text]<!--\nPlugin Name: Bookly \u2013 Responsive WordPress Appointment Booking and Scheduling Plugin\nPlugin URI: https:\/\/www.booking-wp-plugin.com\/?utm_source=bookly_admin&utm_medium=plugins_page&utm_campaign=plugins_page\nVersion: 24.2-->\n<style type=\"text\/css\">\n    :root {\n        --bookly-main-color: #f4662f !important;\n    }\n\n    <\/style><div class=\"bookly-css-root\">\n    <div id=\"bookly-form-69d76df9891f7\" class=\"bookly-form\" data-form_id=\"69d76df9891f7\" aria-live=\"polite\">\n        <div style=\"text-align: center\"><img decoding=\"async\" src=\"https:\/\/ouf-gn.net\/wp56\/wp-includes\/js\/tinymce\/skins\/lightgray\/img\/loader.gif\" alt=\"Chargement...\"\/><\/div>\n    <\/div>\n<\/div>\n<script type=\"text\/javascript\">\n    (function (win, fn) {\n        var done = false, top = true,\n            doc = win.document,\n            root = doc.documentElement,\n            modern = doc.addEventListener,\n            add = modern ? 'addEventListener' : 'attachEvent',\n            rem = modern ? 'removeEventListener' : 'detachEvent',\n            pre = modern ? '' : 'on',\n            init = function (e) {\n                if (e.type == 'readystatechange') if (doc.readyState != 'complete') return;\n                (e.type == 'load' ? win : doc)[rem](pre + e.type, init, false);\n                if (!done) {\n                    done = true;\n                    fn.call(win, e.type || e);\n                }\n            },\n            poll = function () {\n                try {\n                    root.doScroll('left');\n                } catch (e) {\n                    setTimeout(poll, 50);\n                    return;\n                }\n                init('poll');\n            };\n        if (doc.readyState == 'complete') fn.call(win, 'lazy');\n        else {\n            if (!modern) if (root.doScroll) {\n                try {\n                    top = !win.frameElement;\n                } catch (e) {\n                }\n                if (top) poll();\n            }\n            doc[add](pre + 'DOMContentLoaded', init, false);\n            doc[add](pre + 'readystatechange', init, false);\n            win[add](pre + 'load', init, false);\n        }\n    })(window, function () {\n        window.bookly( {\"form_id\":\"69d76df9891f7\",\"status\":{\"booking\":\"new\"},\"skip_steps\":{\"service_part1\":0,\"service_part2\":0,\"extras\":1,\"time\":0,\"repeat\":1,\"cart\":1},\"errors\":{\"session_error\":\"Erreur Session.\",\"form_id_error\":\"ID Formulaire d'erreur.\",\"cart_item_not_available\":\"The selected time is not available anymore. Please, choose another time slot.\",\"pay_locally_not_available\":\"Le paiement local n'est pas disponible.\",\"invalid_gateway\":\"Portail invalide.\",\"payment_error\":\"Erreur\",\"incorrect_username_password\":\"Identifiant ou mot de passe incorrect.\"},\"form_attributes\":{\"hide_categories\":false,\"hide_services\":false,\"hide_staff_members\":false,\"show_number_of_persons\":false,\"hide_service_duration\":true,\"hide_locations\":true,\"hide_quantity\":true,\"hide_date\":false,\"hide_week_days\":false,\"hide_time_range\":false},\"use_client_time_zone\":0,\"defaults\":{\"service_id\":0,\"staff_id\":0,\"location_id\":0,\"category_id\":0},\"datepicker_mode\":\"text-accent\",\"facebook\":{\"enabled\":0,\"appId\":\"\"}} );\n    });\n<\/script>[\/vc_column_text][\/vc_column][\/vc_row]<\/p>\n","protected":false},"excerpt":{"rendered":"<p>[vc_row][vc_column][vc_empty_space][\/vc_column][\/vc_row][vc_row][vc_column width=&#8221;1\/2&#8243;][vc_text_separator title=&#8221;LE BGDA&#8221;][vc_column_text]Le Bureau Guin\u00e9en du Droit d\u2019Auteur (BGDA) est un model \u00e9conomique et un instrument \u00e0 la disposition de la politique culturelle de la Guin\u00e9e. Organisme de gestion collective de type pluridisciplinaire sous la tutelle du Minist\u00e8re en charge de la Culture, le Bureau Guin\u00e9en du Droit d\u2019Auteur (BGDA) est un \u00e9tablissement public&hellip;<\/p>\n","protected":false},"author":1,"featured_media":0,"parent":0,"menu_order":100,"comment_status":"closed","ping_status":"closed","template":"","meta":{"footnotes":""},"class_list":["post-5","page","type-page","status-publish","hentry","description-off"],"_links":{"self":[{"href":"https:\/\/ouf-gn.net\/wp56\/wp-json\/wp\/v2\/pages\/5","targetHints":{"allow":["GET"]}}],"collection":[{"href":"https:\/\/ouf-gn.net\/wp56\/wp-json\/wp\/v2\/pages"}],"about":[{"href":"https:\/\/ouf-gn.net\/wp56\/wp-json\/wp\/v2\/types\/page"}],"author":[{"embeddable":true,"href":"https:\/\/ouf-gn.net\/wp56\/wp-json\/wp\/v2\/users\/1"}],"replies":[{"embeddable":true,"href":"https:\/\/ouf-gn.net\/wp56\/wp-json\/wp\/v2\/comments?post=5"}],"version-history":[{"count":41,"href":"https:\/\/ouf-gn.net\/wp56\/wp-json\/wp\/v2\/pages\/5\/revisions"}],"predecessor-version":[{"id":2549,"href":"https:\/\/ouf-gn.net\/wp56\/wp-json\/wp\/v2\/pages\/5\/revisions\/2549"}],"wp:attachment":[{"href":"https:\/\/ouf-gn.net\/wp56\/wp-json\/wp\/v2\/media?parent=5"}],"curies":[{"name":"wp","href":"https:\/\/api.w.org\/{rel}","templated":true}]}}